{"id":1044,"date":"2021-10-13T09:31:58","date_gmt":"2021-10-13T09:31:58","guid":{"rendered":"https:\/\/drpapoutsakis.gr\/?page_id=1044"},"modified":"2025-09-29T17:48:15","modified_gmt":"2025-09-29T17:48:15","slug":"%ce%bf-%ce%b9%ce%b1%cf%84%cf%81%cf%8c%cf%82","status":"publish","type":"page","link":"https:\/\/drpapoutsakis.gr\/en\/%ce%bf-%ce%b9%ce%b1%cf%84%cf%81%cf%8c%cf%82\/","title":{"rendered":"The Doctor"},"content":{"rendered":"<div      class=\"vc_row wpb_row section vc_row-fluid\" style='background-color:#212121; text-align:left;'><div class=\"full_section_inner clearfix\"><div class=\"wpb_column vc_column_container vc_col-sm-12 vc_col-has-fill\"><div class=\"vc_column-inner vc_custom_1682965427830\"><div class=\"wpb_wrapper\">\t<div class=\"vc_empty_space\"  style=\"height: 53px\" ><span\n\t\t\tclass=\"vc_empty_space_inner\">\n\t\t\t<span class=\"empty_space_image\"  ><\/span>\n\t\t<\/span><\/div>\n\n\n\t<div class=\"wpb_text_column wpb_content_element\">\n\t\t<div class=\"wpb_wrapper\">\n\t\t\t<h2 style=\"text-align: center;\"><span style=\"color: #00ffff;\">The Doctor<\/span><\/h2>\n\n\t\t<\/div> \n\t<\/div> \t<div class=\"vc_empty_space\"  style=\"height: 53px\" ><span\n\t\t\tclass=\"vc_empty_space_inner\">\n\t\t\t<span class=\"empty_space_image\"  ><\/span>\n\t\t<\/span><\/div>\n\n<\/div><\/div><\/div><\/div><\/div><div      class=\"vc_row wpb_row section vc_row-fluid  vc_custom_1682965455295 grid_section\" style=' text-align:left;'><div class=\"section_inner clearfix\"><div class='section_inner_margin clearfix'><div class=\"wpb_animate_when_almost_visible wpb_fadeInUp fadeInUp wpb_column vc_column_container vc_col-sm-12\"><div class=\"vc_column-inner\"><div class=\"wpb_wrapper\">\t<div class=\"vc_empty_space\"  style=\"height: 51px\" ><span\n\t\t\tclass=\"vc_empty_space_inner\">\n\t\t\t<span class=\"empty_space_image\"  ><\/span>\n\t\t<\/span><\/div>\n\n<div class='q_elements_holder two_columns responsive_mode_from_1000' ><div class='q_elements_item' data-animation='no' data-item-class='q_elements_holder_custom_608114' style='vertical-align:middle;'><div class='q_elements_item_inner'><div class='q_elements_item_content q_elements_holder_custom_608114'>\n\t<div class=\"wpb_single_image wpb_content_element vc_align_left\">\n\t\t<div class=\"wpb_wrapper\">\n\t\t\t\n\t\t\t<div class=\"vc_single_image-wrapper   vc_box_border_grey\"><img loading=\"lazy\" decoding=\"async\" width=\"733\" height=\"1000\" src=\"https:\/\/drpapoutsakis.gr\/wp-content\/uploads\/2023\/05\/\u03a0\u03b1\u03c0\u03bf\u03b8\u03c4\u03c3\u03b1\u03ba\u03b7\u03c2.jpg\" class=\"vc_single_image-img attachment-full\" alt=\"\" srcset=\"https:\/\/drpapoutsakis.gr\/wp-content\/uploads\/2023\/05\/\u03a0\u03b1\u03c0\u03bf\u03b8\u03c4\u03c3\u03b1\u03ba\u03b7\u03c2.jpg 733w, https:\/\/drpapoutsakis.gr\/wp-content\/uploads\/2023\/05\/\u03a0\u03b1\u03c0\u03bf\u03b8\u03c4\u03c3\u03b1\u03ba\u03b7\u03c2-220x300.jpg 220w, https:\/\/drpapoutsakis.gr\/wp-content\/uploads\/2023\/05\/\u03a0\u03b1\u03c0\u03bf\u03b8\u03c4\u03c3\u03b1\u03ba\u03b7\u03c2-700x955.jpg 700w\" sizes=\"auto, (max-width: 733px) 100vw, 733px\" \/><\/div>\n\t\t<\/div>\n\t<\/div>\n\t<div class=\"vc_empty_space\"  style=\"height: 35px\" ><span\n\t\t\tclass=\"vc_empty_space_inner\">\n\t\t\t<span class=\"empty_space_image\"  ><\/span>\n\t\t<\/span><\/div>\n\n\n\t<div class=\"wpb_text_column wpb_content_element\">\n\t\t<div class=\"wpb_wrapper\">\n\t\t\t<h3>\u0394\u03b9\u03b5\u03c5\u03b8\u03c5\u03bd\u03c4\u03ae\u03c2 \u039d\u03b5\u03c5\u03c1\u03bf\u03c7\u03b5\u03b9\u03c1\u03bf\u03c5\u03c1\u03b3\u03b9\u03ba\u03bf\u03cd \u03c4\u03bc\u03ae\u03bc\u03b1\u03c4\u03bf\u03c2 &#8220;\u0399\u03b1\u03c4\u03c1\u03b9\u03ba\u03cc \u03a8\u03c5\u03c7\u03b9\u03ba\u03bf\u03cd&#8221;<\/h3>\n\n\t\t<\/div> \n\t<\/div> \t<div class=\"vc_empty_space\"  style=\"height: 35px\" ><span\n\t\t\tclass=\"vc_empty_space_inner\">\n\t\t\t<span class=\"empty_space_image\"  ><\/span>\n\t\t<\/span><\/div>\n\n<\/div><\/div><\/div><div class='q_elements_item' data-1024-1280='15% 10% 0 8%' data-768-1024='0% 0% 0 8%' data-600-768='5% 23% 0 0%' data-480-600='5% 0% 0 0%' data-480='5% 0% 0 0%' data-animation='no' data-item-class='q_elements_holder_custom_370506' style='vertical-align:top;'><div class='q_elements_item_inner'><div class='q_elements_item_content q_elements_holder_custom_370506' style='padding:7% 24% 0 8%'>\n\t<div class=\"wpb_text_column wpb_content_element  vc_custom_1685565633905\">\n\t\t<div class=\"wpb_wrapper\">\n\t\t\t<h3>C.V.<\/h3>\n<p>&nbsp;<\/p>\n<p>- <strong>Dimitrios Papoutsakis<\/strong> is a <strong>neurosurgeon <\/strong>and his areas of expertise are:<\/p>\n<ul>\n<li>Spine Surgery<\/li>\n<li>Brain Surgery<\/li>\n<li>Minimally Invasive Spine Surgery<\/li>\n<\/ul>\n<p>&nbsp;<\/p>\n<p>1st European neurosurgeon (except french origin) ever accepted to be\npart of the neurosurgical spine team of CHUM. Handling with complex MIS procedures. On-call duties for general neurosurgery. Taking part in research work as well as in residents' training.\nCHUM is the reference neurosurgical centre of Quebec,Canada.<\/p>\n<p>&nbsp;<\/p>\n<p>The Centre Hospitalier de l\u2019Universit\u00e9 de Montr\u00e9al (CHUM) was recognized as Canada\u2019s most innovative hospital in a ranking by the U.Sbased magazine Newsweek of the world\u2019s top 250 Best Smart Hospitals for 2021.<\/p>\n<p>&nbsp;<\/p>\n<p><strong>Certificates<\/strong><\/p>\n<p>Diploma of Neurosurgery (Apr 2016)<br \/>\nJunior Fellowship concerning\nNeuro-oncology and Spine\npathology. (Jan 2016)<br \/>\nSkull Base Master MSc (Mar 2021)<br \/>\n\u0395\u03be\u03b5\u03b9\u03b4\u03af\u03ba\u03b5\u03c5\u03c3\u03b7 \u03c3\u03c4\u03b7\u03bd \u03a5\u03c0\u03bf\u03c4\u03c1\u03bf\u03c6\u03af\u03b1 \u03c3\u03c7\u03b5\u03c4\u03b9\u03ba\u03ac \u03bc\u03b5 \u03c4\u03b7 \u039d\u03b5\u03c5\u03c1\u03bf\u03b4\u03b9\u03ad\u03b3\u03b5\u03c1\u03c3\u03b7 (\u039c\u03ac\u03b9\u03bf\u03c2 2018)<br \/>\n\u0395\u03be\u03b5\u03b9\u03b4\u03af\u03ba\u03b5\u03c5\u03c3\u03b7 \u03c3\u03c4\u03bf \u03c4\u03bf\u03bc\u03ad\u03b1 \u03c4\u03b7\u03c2 \u03c3\u03c0\u03bf\u03bd\u03b4\u03c5\u03bb\u03b9\u03ba\u03ae\u03c2 \u03c3\u03c4\u03ae\u03bb\u03b7\u03c2 \u03bc\u03ad\u03c3\u03c9 <em>\u03b5\u03bb\u03ac\u03c7\u03b9\u03c3\u03c4\u03b1<\/em> \u03b5\u03c0\u03b5\u03bc\u03b2\u03b1\u03c4\u03b9\u03ba\u03ce\u03bd \u03bc\u03b5\u03b8\u03cc\u03b4\u03c9\u03bd (MIS) \u03c3\u03c4\u03bf \u03a0\u03b1\u03bd\u03b5\u03c0\u03b9\u03c3\u03c4\u03b7\u03bc\u03b9\u03b1\u03ba\u03cc \u039d\u03bf\u03c3\u03bf\u03ba\u03bf\u03bc\u03b5\u03af\u03bf \u03c4\u03bf\u03c5 Montreal (CHUM)<\/p>\n\n\t\t<\/div> \n\t<\/div> \t<div class=\"vc_empty_space\"  style=\"height: 71px\" ><span\n\t\t\tclass=\"vc_empty_space_inner\">\n\t\t\t<span class=\"empty_space_image\"  ><\/span>\n\t\t<\/span><\/div>\n\n<\/div><\/div><\/div><\/div>\t<div class=\"vc_empty_space\"  style=\"height: 23px\" ><span\n\t\t\tclass=\"vc_empty_space_inner\">\n\t\t\t<span class=\"empty_space_image\"  ><\/span>\n\t\t<\/span><\/div>\n\n<\/div><\/div><\/div><\/div><\/div><\/div><div      class=\"vc_row wpb_row section vc_row-fluid  grid_section\" style=' text-align:left;'><div class=\"section_inner clearfix\"><div class='section_inner_margin clearfix'><div class=\"wpb_column vc_column_container vc_col-sm-12\"><div class=\"vc_column-inner\"><div class=\"wpb_wrapper\">\n\t<div class=\"wpb_text_column wpb_content_element\">\n\t\t<div class=\"wpb_wrapper\">\n\t\t\t<h3 style=\"text-align: center;\"><span style=\"color: #00ffff;\">In detail<\/span><\/h3>\n\n\t\t<\/div> \n\t<\/div> \t<div class=\"vc_empty_space\"  style=\"height: 33px\" ><span\n\t\t\tclass=\"vc_empty_space_inner\">\n\t\t\t<span class=\"empty_space_image\"  ><\/span>\n\t\t<\/span><\/div>\n\n\n\t<div class=\"wpb_text_column wpb_content_element\">\n\t\t<div class=\"wpb_wrapper\">\n\t\t\t<h3>Education<\/h3>\n<p>&nbsp;<\/p>\n<p><span style=\"color: #00ffff;\">Spine Neurosurgical Center (Jul 2022 - Present)<\/span><\/p>\n<p><span style=\"color: #999999;\">\u039c\u03ad\u03bb\u03bf\u03c2 \u03c4\u03bf\u03c5 CHUM( Centre hospitalier Universit\u00e9 de Montr\u00e9al), \u0391\u03c3\u03ba\u03bb\u03b7\u03c0\u03b9\u03b5\u03af\u03bf \u0392\u03bf\u03cd\u03bb\u03b1\u03c2, \u0391\u03b8\u03ae\u03bd\u03b1<\/span><\/p>\n<p>1st European neurosurgeon (except french origin) ever accepted to be part of the neurosurgical spine team of CHUM. Handling with complex MIS procedures. On-call duties for general neurosurgery. Taking part in research work as well as in residents' training. CHUM is the reference neurosurgical centre of Quebec,Canada. The Centre Hospitalier de l\u2019Universit\u00e9 de Montr\u00e9al (CHUM) was recognized as Canada\u2019s most innovative hospital in a ranking by the U.Sbased magazine Newsweek of the world\u2019s top 250 Best Smart Hospitals for 2021.<\/p>\n<p>&nbsp;<\/p>\n<p><span style=\"color: #00ffff;\">Cerebral and spine complex operations (Jul 2015 - Feb 2016)<\/span><\/p>\n<p><span style=\"color: #999999;\">Hospital of Libramont, \u0392\u03ad\u03bb\u03b3\u03b9\u03bf<\/span><\/p>\n<p>Junior Fellowship.Taking part in comlex neurosurgical operations (neurooncology, neurovascular and spine field).<\/p>\n<p>&nbsp;<\/p>\n<p><span style=\"color: #00ffff;\">Neurostimulation (May 2017 - May 2018)<\/span><\/p>\n<p><span style=\"color: #999999;\">Asklipieio Voulas, Athens<\/span><\/p>\n<p>\u0395\u03be\u03b5\u03b9\u03b4\u03af\u03ba\u03b5\u03c5\u03c3\u03b7 \u03c3\u03c4\u03bf\u03bd \u03c4\u03bf\u03bc\u03ad\u03b1 \u03c4\u03b7\u03c2 \u03bd\u03b5\u03c5\u03c1\u03bf\u03b4\u03b9\u03ad\u03b3\u03b5\u03c1\u03c3\u03b7\u03c2 &#8211; \u03c3\u03c0\u03b1\u03c3\u03c4\u03b9\u03ba\u03cc\u03c4\u03b7\u03c4\u03b1\u03c2.<\/p>\n<p>&nbsp;<\/p>\n<p><span style=\"color: #00ffff;\">Skull Base MSc (Sep 2019 - Mar 2021)<\/span><\/p>\n<p><span style=\"color: #999999;\">EKPA,Panepistimio Patron, Athens-Patra<\/span><\/p>\n<p>Master obtained,concerning skull base theme.<br \/>\nThesis : The role of preoperative embolization in meningiomas.<br \/>\nGrade: Excellent<\/p>\n<p>&nbsp;<\/p>\n<p>&nbsp;<\/p>\n<h3>Employment<\/h3>\n<p>&nbsp;<\/p>\n<p><span style=\"color: #00ffff;\">Neurosurgeon (Jul 2022 - Present)<\/span><\/p>\n<p><span style=\"color: #999999;\">CHUM, Montreal<\/span><\/p>\n<p>Working as neurosurgeon at the spine neurosurgical department of\nCHUM. Reference centre for all complex spine pathologies of\nQuebec,Canada. Taking part in on-call duties. Member of the research\ngroup as well as in residents'training. Taking part in more than 600\noperations\/year.<\/p>\n<p>&nbsp;<\/p>\n<p><span style=\"color: #00ffff;\">Head Neurosurgeon (Sep 2020 - Jun 2022)<\/span><\/p>\n<p><span style=\"color: #999999;\">Clinique Paul Picquet, Sens<\/span><\/p>\n<p>Head Neurosurgeon at Clinique Paul-Picquet. Responsible for all the\nspine operations (area covered : &gt;300000 residents). 1st Greek\nneurosurgeon,trained at Greece, who achieved this goal.<\/p>\n<p>&nbsp;<\/p>\n<p><span style=\"color: #00ffff;\">Neurosurgeon (Apr 2016 - Sep 2020)<\/span><\/p>\n<p><span style=\"color: #999999;\">Asklipieio Voulas, Athens<\/span><\/p>\n<p>Working as neurosurgeon at the General Hospital 'Asklipieio Voulas'\ncovering the majority of neurosurgical field (spine,trauma,neurooncology,neurostimulation). Head for all spine neurostimulating\nopeartions. On call duties for every neurosurgical pathology.<\/p>\n<p>&nbsp;<\/p>\n<p>&nbsp;<\/p>\n<h3>Achievements<\/h3>\n<p>&nbsp;<\/p>\n<p>1st Greek (trained at Greece) neurosurgeon accepted from Medical Council of France.<br \/>\n1st European (except french origin) neurosurgeon accepted from Medical Council of Canada,working at CHUM.<\/p>\n<p><strong>Membership\u00a0<\/strong><\/p>\n<ul>\n<li>French Medical Council<\/li>\n<li>Medical Council of Canada<\/li>\n<li>Greek Medical Council<\/li>\n<\/ul>\n<p><strong>Membership to specialty societies<\/strong><\/p>\n<ul>\n<li>Royal College of Surgeons of Canada<\/li>\n<li>French Neurosurgical society<\/li>\n<\/ul>\n<p>&nbsp;<\/p>\n<p>&nbsp;<\/p>\n<h3>Publications\/Presentations\/Courses<\/h3>\n<p>&nbsp;<\/p>\n<p><span style=\"color: #00ffff;\"><strong>Publications\/Presentations<\/strong><\/span><\/p>\n<p>Intrathecal baclofen pumb infection treated by adjunct intrareservoir\nteicoplanin instillation<br \/>\nPublisher: <strong>SURGICAL NEUROLOGY INERNATIONAL<\/strong><br \/>\nChronic subdural hematoma: Surgical management and outcome in 986<br \/>\ncases: A classification and regression tree approach - See more at:<br \/>\n<a href=\"http:\/\/surgicalneurologyint.com\/surgicalint_articles\/chronicsubduralhematoma-surgical-management-and-outcome-in-986-cases\">http:\/\/surgicalneurologyint.com\/surgicalint_articles\/chronicsubduralhematoma-surgical-management-and-outcome-in-986-cases<\/a><br \/>\nPublisher: <strong>SURGICAL NEUROLOGY INTERNATIONAL<\/strong><\/p>\n<ul>\n<li>\u00a0<strong>25<\/strong>th Panhellenic Congress of Neurosurgery (Athens, Greece), 23-25\/06\/2011<br \/>\n1) Concussion in children<br \/>\n2) Epidemiological characteristics of patients with head injuries in central and eastern Crete.<br \/>\n3) Cortical vascular dysplasia with spontaneous manifestation of an intracerebral and subdural\nintracerebral and subdural hematoma, simultaneously. Presentation of a\ncase and reference to the international bibliography.<br \/>\n4) Main causes of lumbar pain: fractures, infections, proliferation, degenerative diseases, herniated discs.<\/li>\n<li><strong>5<\/strong>th Panhellenic Congress of the Spine (Paphos, Cyprus), 27-30\/10\/2011<br \/>\nSpontaneous subdural hematoma of the dorsal part of the spine spine. Presentation of a case and reference to the international bibliography international.<\/li>\n<li><strong>27<\/strong>th Panhellenic Congress of Neurosurgery (Athens, Greece) 27-29\/06\/2013<br \/>\nOpportunistic infection of the central nervous system. Presentation of an\ninteresting case.<\/li>\n<li><strong>21<\/strong>21st World Congress of Neurology (Vienna, Austria), 21-\n26\/09\/2013<br \/>\nPlacement of a neurostimulator because of neuropathic pain, without\npreoperative trial.26 cases.<\/li>\n<li>EANS congress (Prague, 2014)<br \/>\n4 poster presentations.<\/li>\n<li><strong>8<\/strong>th Panhellenic Congress of the Spine (Larissa).\n24-26\/10\/2014<br \/>\n2 poster presentations<\/li>\n<li><strong>9<\/strong>th World Congress of the International Society of Physical Medicine and Rehabilitation, 2015.<br \/>\n1) Neurostimulation for the treatment of refractory coccydynia.<br \/>\n2) Seven-year experience with intrathecal baclofen for the treatment of\nspasticity in severely disabled and vegetative patients after severe head injury.\nsevere head injury.<\/li>\n<li>MASCC\/ISOO annual meeting on supportive care in cancer, 2015.<br \/>\n1) Pain management in pancreatic cancer via continuous intrathecal\ncontinuous intrathecal morphine.<br \/>\n2) Solitary intramedullary spinal cord metastasis as a first presentation of lung cancer.\nlung cancer.<br \/>\n3) A rare case of subdural empyema of achromobacter species in a patient\nin a patient with a hematologic malignancy.<br \/>\n4) Intrathecal morphine pump infection successfully treated by\nby infusion of intrareservoir teicoplanin.<br \/>\n5) Nocardial brain abscess in a patient with lymphoma.<\/li>\n<li><strong>34<\/strong>th ESRA Annual Meeting, 2015.<br \/>\n1) Epidural spinal cord stimulation complicated by posterior cord syndrome.\nposterior.<br \/>\n2) Spinal cord stimulation aborted by unexpected radiological findings.<\/li>\n<li>XXII World Congress of Neurology, 2015.<br \/>\nPosterior communicating artery aneurysm complicated by\nanterior choroidal artery territory syndrome after embolization.<\/li>\n<li><strong>11<\/strong>th World Congress on Brain Injury, 2016.<br \/>\n1) Traumatic hemiballism treated with intrathecal baclofen therapy.\nReport of a case.<br \/>\n2) Diffuse axonal injury complicated by Benedict syndrome.<br \/>\n3) Use of hemostatic gelatin matrix in the surgical management of traumatic brain injury.\nhead trauma.<br \/>\n4) Severe head trauma complicated by neuroleptic malignant syndrome.<br \/>\n5) Decompressive craniectomy in severe head trauma: An ultima ratio measure\nor not?<br \/>\n6) Chronic subdural hematoma in the elderly: A diagnosis not to be forgotten.<br \/>\n7) Post-traumatic thrombosis of the transverse and sigmoid sinuses: A case\ncase report.<br \/>\n8) Isolated post-traumatic intraventricular hemorrhage after closed head trauma.\nclosed head trauma: A case report.<br \/>\n9) Early leukocytosis after closed head injury.<br \/>\n10) The influence of epidemiologic and non-treatment variables\non the neurological outcome of severe head injury.<\/li>\n<\/ul>\n<p>&nbsp;<\/p>\n<p><span style=\"color: #00ffff;\"><strong>Seminars - Chiropractic courses:<\/strong><\/span><br \/>\n1) 5-8 May 2019 : EANS Training Course- Tumor<br \/>\n2) 27-30 May 2018 : EANS : EANS Training Course- Functional\/Head Injuries<br \/>\n3) 7-10 May 2017 : Spine\/ Peripheral Nerves<br \/>\n4) May 17-18, 2014: neurovascular and microsurgical anatomy of the skull base (Athens, Greece).<br \/>\n5) 22-24 janvier 2012 : 4\u00e9me s\u00e9minaire de la partie cervicale de la colonne vert\u00e9brale (T\u00fcbingen, Germany).<br \/>\n6) 18-19 juillet 2011 : j'ai suivi des colloques d'anatomie neurochirurgicale (Cambridge, England).<br \/>\n7) 06-08 juillet 2011 : 5\u00e9me s\u00e9minaire sur les approches neurochirurgicales (T\u00fcbingen, Germany).<br \/>\n8) 13-15 avril 2011 : S\u00e9minaire d'anatomie neurochirurgicale et d'approches chirurgicales (Athens, Greece).<\/p>\n<p>&nbsp;<\/p>\n<p><strong><span style=\"color: #00ffff;\">Research<\/span><\/strong><br \/>\n\u039c\u03ad\u03c1\u03bf\u03c2 \u03cc\u03bb\u03bf\u03c5 \u03c4\u03bf\u03c5 \u03c0\u03b1\u03b3\u03ba\u03cc\u03c3\u03bc\u03b9\u03bf\u03c5 \u03b5\u03c1\u03b5\u03c5\u03bd\u03b7\u03c4\u03b9\u03ba\u03bf\u03cd \u03c0\u03b5\u03b4\u03af\u03bf\u03c5 \u03c4\u03bf\u03c5 CHUM \u03cc\u03c3\u03bf\u03bd \u03b1\u03c6\u03bf\u03c1\u03ac \u03c4\u03b7\u03bd \u03c0\u03b1\u03b8\u03bf\u03bb\u03bf\u03b3\u03af\u03b1 \u03c4\u03b7\u03c2 \u03c3\u03c0\u03bf\u03bd\u03b4\u03c5\u03bb\u03b9\u03ba\u03ae\u03c2 \u03c3\u03c4\u03ae\u03bb\u03b7\u03c2 \u03bc\u03b5 \u03c3\u03cd\u03b3\u03c7\u03c1\u03bf\u03bd\u03b5\u03c2 \u03bc\u03b5\u03b8\u03cc\u03b4\u03bf\u03c5\u03c2.<\/p>\n\n\t\t<\/div> \n\t<\/div> <\/div><\/div><\/div><\/div><\/div><\/div><div      class=\"vc_row wpb_row section vc_row-fluid\" style=' text-align:left;'><div class=\"full_section_inner clearfix\"><div class=\"wpb_column vc_column_container vc_col-sm-12\"><div class=\"vc_column-inner\"><div class=\"wpb_wrapper\">\t<div class=\"vc_empty_space\"  style=\"height: 123px\" ><span\n\t\t\tclass=\"vc_empty_space_inner\">\n\t\t\t<span class=\"empty_space_image\"  ><\/span>\n\t\t<\/span><\/div>\n\n<\/div><\/div><\/div><\/div><\/div><div      class=\"vc_row wpb_row section vc_row-fluid  vc_custom_1682965440869 grid_section\" style=' text-align:left;'><div class=\"section_inner clearfix\"><div class='section_inner_margin clearfix'><div class=\"wpb_column vc_column_container vc_col-sm-3\"><div class=\"vc_column-inner\"><div class=\"wpb_wrapper\">\t<div class=\"vc_empty_space\"  style=\"height: 51px\" ><span\n\t\t\tclass=\"vc_empty_space_inner\">\n\t\t\t<span class=\"empty_space_image\"  ><\/span>\n\t\t<\/span><\/div>\n\n\n\t<div class=\"wpb_text_column wpb_content_element\">\n\t\t<div class=\"wpb_wrapper\">\n\t\t\t<h3 class=\"_7UhW9 fKFbl yUEEX KV-D4 fDxYl\">Get in Touch with Us...<\/h3>\n\n\t\t<\/div> \n\t<\/div> \t<div class=\"vc_empty_space\"  style=\"height: 23px\" ><span\n\t\t\tclass=\"vc_empty_space_inner\">\n\t\t\t<span class=\"empty_space_image\"  ><\/span>\n\t\t<\/span><\/div>\n\n\n\t<div class=\"wpb_text_column wpb_content_element\">\n\t\t<div class=\"wpb_wrapper\">\n\t\t\t<h5><span style=\"color: #00fcff;\"><strong><a style=\"color: #00fcff;\" href=\"tel: 2106974298\"><img decoding=\"async\" src=\"https:\/\/drpapoutsakis.gr\/wp-content\/uploads\/2021\/10\/old-typical-phone-1.png\" \/> 2106974298<\/a><\/strong><\/span><\/h5>\n<h5><span style=\"color: #00fcff;\"><strong><a style=\"color: #00fcff;\" href=\"tel: 6985039455\"><img decoding=\"async\" src=\"https:\/\/drpapoutsakis.gr\/wp-content\/uploads\/2021\/10\/hand-graving-smartphone.png\" \/> 6985039455<\/a><\/strong><\/span><\/h5>\n<p><a href=\"mailto:info@drpapoutsakis.gr\">info@drpapoutsakis.gr<\/a><\/p>\n\n\t\t<\/div> \n\t<\/div> <\/div><\/div><\/div><div class=\"wpb_column vc_column_container vc_col-sm-3\"><div class=\"vc_column-inner\"><div class=\"wpb_wrapper\">\t<div class=\"vc_empty_space\"  style=\"height: 53px\" ><span\n\t\t\tclass=\"vc_empty_space_inner\">\n\t\t\t<span class=\"empty_space_image\"  ><\/span>\n\t\t<\/span><\/div>\n\n\n\t<div class=\"wpb_text_column wpb_content_element\">\n\t\t<div class=\"wpb_wrapper\">\n\t\t\t<h3 class=\"_7UhW9 fKFbl yUEEX KV-D4 fDxYl\">The Doctor<\/h3>\n\n\t\t<\/div> \n\t<\/div> \t<div class=\"vc_empty_space\"  style=\"height: 21px\" ><span\n\t\t\tclass=\"vc_empty_space_inner\">\n\t\t\t<span class=\"empty_space_image\"  ><\/span>\n\t\t<\/span><\/div>\n\n\n\t<div class=\"wpb_text_column wpb_content_element\">\n\t\t<div class=\"wpb_wrapper\">\n\t\t\t<p>-\u00a0<strong>Neurosurgeon <\/strong>Papoutsakis Dimitris with his experience and his medical team, guarantees you precision in the treatment of cases and a quick return to everyday life. Talk to us about your case.<\/p>\n\n\t\t<\/div> \n\t<\/div> <\/div><\/div><\/div><div class=\"wpb_column vc_column_container vc_col-sm-3\"><div class=\"vc_column-inner\"><div class=\"wpb_wrapper\">\t<div class=\"vc_empty_space\"  style=\"height: 53px\" ><span\n\t\t\tclass=\"vc_empty_space_inner\">\n\t\t\t<span class=\"empty_space_image\"  ><\/span>\n\t\t<\/span><\/div>\n\n\n\t<div class=\"wpb_text_column wpb_content_element\">\n\t\t<div class=\"wpb_wrapper\">\n\t\t\t<h3 class=\"_7UhW9 fKFbl yUEEX KV-D4 fDxYl\">Site Menu<\/h3>\n\n\t\t<\/div> \n\t<\/div> \t<div class=\"vc_empty_space\"  style=\"height: 21px\" ><span\n\t\t\tclass=\"vc_empty_space_inner\">\n\t\t\t<span class=\"empty_space_image\"  ><\/span>\n\t\t<\/span><\/div>\n\n\n\t<div class=\"wpb_text_column wpb_content_element\">\n\t\t<div class=\"wpb_wrapper\">\n\t\t\t<p><span style=\"color: #00ffff;\">&#8211;<\/span> Home<br \/>\n<span style=\"color: #00ffff;\">&#8211;<\/span> Doctor<br \/>\n<span style=\"color: #00ffff;\">&#8211; <\/span>Brain Surgery<br \/>\n<span style=\"color: #00ffff;\">&#8211;<\/span> Spine Surgery<br \/>\n<span style=\"color: #00ffff;\">&#8211;<\/span> Contact<\/p>\n\n\t\t<\/div> \n\t<\/div> <\/div><\/div><\/div><div class=\"wpb_column vc_column_container vc_col-sm-3\"><div class=\"vc_column-inner\"><div class=\"wpb_wrapper\">\t<div class=\"vc_empty_space\"  style=\"height: 53px\" ><span\n\t\t\tclass=\"vc_empty_space_inner\">\n\t\t\t<span class=\"empty_space_image\"  ><\/span>\n\t\t<\/span><\/div>\n\n\n\t<div class=\"wpb_single_image wpb_content_element vc_align_center\">\n\t\t<div class=\"wpb_wrapper\">\n\t\t\t\n\t\t\t<div class=\"vc_single_image-wrapper   vc_box_border_grey\"><img loading=\"lazy\" decoding=\"async\" width=\"253\" height=\"185\" src=\"https:\/\/drpapoutsakis.gr\/wp-content\/uploads\/2023\/05\/dpLogo-Ft.png\" class=\"vc_single_image-img attachment-full\" alt=\"\" srcset=\"https:\/\/drpapoutsakis.gr\/wp-content\/uploads\/2023\/05\/dpLogo-Ft.png 253w, https:\/\/drpapoutsakis.gr\/wp-content\/uploads\/2023\/05\/dpLogo-Ft-16x12.png 16w\" sizes=\"auto, (max-width: 253px) 100vw, 253px\" \/><\/div>\n\t\t<\/div>\n\t<\/div>\n<\/div><\/div><\/div><\/div><\/div><\/div>","protected":false},"excerpt":{"rendered":"\u039f \u03b9\u03b1\u03c4\u03c1\u03cc\u03c2 \u0394\u03b9\u03b5\u03c5\u03b8\u03c5\u03bd\u03c4\u03ae\u03c2 \u039d\u03b5\u03c5\u03c1\u03bf\u03c7\u03b5\u03b9\u03c1\u03bf\u03c5\u03c1\u03b3\u03b9\u03ba\u03bf\u03cd \u03c4\u03bc\u03ae\u03bc\u03b1\u03c4\u03bf\u03c2 \"\u0399\u03b1\u03c4\u03c1\u03b9\u03ba\u03cc \u03a8\u03c5\u03c7\u03b9\u03ba\u03bf\u03cd\" \u0392\u03b9\u03bf\u03b3\u03c1\u03b1\u03c6\u03b9\u03ba\u03cc &nbsp; \u039f \u0394\u03b7\u03bc\u03ae\u03c4\u03c1\u03b9\u03bf\u03c2 \u03a0\u03b1\u03c0\u03bf\u03c5\u03c4\u03c3\u03ac\u03ba\u03b7\u03c2 \u03b5\u03af\u03bd\u03b1\u03b9 \u03bd\u03b5\u03c5\u03c1\u03bf\u03c7\u03b5\u03b9\u03c1\u03bf\u03c5\u03c1\u03b3\u03cc\u03c2 \u03ba\u03b1\u03b9 \u03bf\u03b9 \u03c4\u03bf\u03bc\u03b5\u03af\u03c2 \u03b5\u03bd\u03b1\u03c3\u03c7\u03cc\u03bb\u03b7\u03c3\u03b7\u03c2 \u03c4\u03bf\u03c5 \u03b5\u03af\u03bd\u03b1\u03b9: \u03a7\u03b5\u03b9\u03c1\u03bf\u03c5\u03c1\u03b3\u03b9\u03ba\u03ae \u03a3\u03c0\u03bf\u03bd\u03b4\u03c5\u03bb\u03b9\u03ba\u03ae\u03c2 \u03a3\u03c4\u03ae\u03bb\u03b7\u03c2 \u03a7\u03b5\u03b9\u03c1\u03bf\u03c5\u03c1\u03b3\u03b9\u03ba\u03ae \u0395\u03b3\u03ba\u03b5\u03c6\u03ac\u03bb\u03bf\u03c5 \u0395\u03bb\u03ac\u03c7\u03b9\u03c3\u03c4\u03b1 \u03a0\u03b1\u03c1\u03b5\u03bc\u03b2\u03b1\u03c4\u03b9\u03ba\u03ae \u03a7\u03b5\u03b9\u03c1\u03bf\u03c5\u03c1\u03b3\u03b9\u03ba\u03ae \u03a3\u03c0\u03bf\u03bd\u03b4\u03c5\u03bb\u03b9\u03ba\u03ae\u03c2 \u03a3\u03c4\u03ae\u03bb\u03b7\u03c2 &nbsp; \u0395\u03af\u03bd\u03b1\u03b9 \u03bf 1\u03bf\u03c2 \u0395\u03c5\u03c1\u03c9\u03c0\u03b1\u03af\u03bf\u03c2 \u03bd\u03b5\u03c5\u03c1\u03bf\u03c7\u03b5\u03b9\u03c1\u03bf\u03c5\u03c1\u03b3\u03cc\u03c2 (\u03b5\u03ba\u03c4\u03cc\u03c2 \u03c4\u03b7\u03c2 \u03b3\u03b1\u03bb\u03bb\u03b9\u03ba\u03ae\u03c2 \u03ba\u03b1\u03c4\u03b1\u03b3\u03c9\u03b3\u03ae\u03c2) \u03c0\u03bf\u03c5 \u03ad\u03b3\u03b9\u03bd\u03b5 \u03c0\u03bf\u03c4\u03ad \u03b4\u03b5\u03ba\u03c4\u03cc\u03c2 \u03c9\u03c2...","protected":false},"author":1,"featured_media":0,"parent":0,"menu_order":0,"comment_status":"closed","ping_status":"closed","template":"full_width.php","meta":{"footnotes":""},"class_list":["post-1044","page","type-page","status-publish","hentry"],"_links":{"self":[{"href":"https:\/\/drpapoutsakis.gr\/en\/wp-json\/wp\/v2\/pages\/1044","targetHints":{"allow":["GET"]}}],"collection":[{"href":"https:\/\/drpapoutsakis.gr\/en\/wp-json\/wp\/v2\/pages"}],"about":[{"href":"https:\/\/drpapoutsakis.gr\/en\/wp-json\/wp\/v2\/types\/page"}],"author":[{"embeddable":true,"href":"https:\/\/drpapoutsakis.gr\/en\/wp-json\/wp\/v2\/users\/1"}],"replies":[{"embeddable":true,"href":"https:\/\/drpapoutsakis.gr\/en\/wp-json\/wp\/v2\/comments?post=1044"}],"version-history":[{"count":39,"href":"https:\/\/drpapoutsakis.gr\/en\/wp-json\/wp\/v2\/pages\/1044\/revisions"}],"predecessor-version":[{"id":1492,"href":"https:\/\/drpapoutsakis.gr\/en\/wp-json\/wp\/v2\/pages\/1044\/revisions\/1492"}],"wp:attachment":[{"href":"https:\/\/drpapoutsakis.gr\/en\/wp-json\/wp\/v2\/media?parent=1044"}],"curies":[{"name":"wp","href":"https:\/\/api.w.org\/{rel}","templated":true}]}}